{"id":28,"date":"2015-03-01T12:37:34","date_gmt":"2015-03-01T12:37:34","guid":{"rendered":"http:\/\/madise-ee.sn24.zone.eu\/?page_id=28"},"modified":"2023-05-28T11:54:39","modified_gmt":"2023-05-28T11:54:39","slug":"policies","status":"publish","type":"page","link":"http:\/\/madise.ee\/?page_id=28","title":{"rendered":"Policies"},"content":{"rendered":"<table>\n<tbody>\n<tr>\n<td>Policies of Madise Guesthouse<\/p>\n<p>Rannak\u00fcla village, 91104 L\u00e4\u00e4ne county, L\u00e4\u00e4ne-Nigula parish<br \/>\nT: +372 5664 4771<\/p>\n<p>E: madise.majutus@gmail.com<\/td>\n<td>*<\/td>\n<\/tr>\n<\/tbody>\n<\/table>\n<table>\n<tbody>\n<tr>\n<td>\n<h4>CHECK-IN<\/h4>\n<\/td>\n<td>From 15:00<\/td>\n<\/tr>\n<tr>\n<td>\n<h4>CHECK-OUT<\/h4>\n<\/td>\n<td>Until 12:00<\/td>\n<\/tr>\n<tr>\n<td>\n<h4>Payment Options<\/h4>\n<\/td>\n<td>Debit\/credit cards (Visa, Euro\/Mastercard, Maestro), invoice (100% \t\tprepayment before check-in), cash<\/td>\n<\/tr>\n<tr>\n<td>\n<h4>Pets<\/h4>\n<\/td>\n<td>Pets are allowed, preliminary agreement required.<\/td>\n<\/tr>\n<tr>\n<td>\n<h4>Peace and Quiet<\/h4>\n<\/td>\n<td><b>To ensure quiet and peace for all Madise Guesthouse visitors please do not make loud noise. It is prohibited to play music outside. <\/b><\/td>\n<\/tr>\n<tr>\n<td>\n<h4>Smoking<\/h4>\n<\/td>\n<td><b>Smoking is prohibited indoors. Smoking is permitted outside in designated areas.<\/b><\/td>\n<\/tr>\n<tr>\n<td>\n<h4>Waste management<\/h4>\n<\/td>\n<td>We sort the garbage &#8211; organic, burnable and non-burnable garbage \tand returnable tare. <\/td>\n<\/tr>\n<tr>\n<td>\n<h4>Fire safety<\/h4>\n<\/td>\n<td>Our forests are very flammable during the dry seasons, that\u2019s why it \tis forbidden to make fire outside the grilling area. Please take into \taccount the wind strength. Please do not leave burning candles \t\twithout supervision, both inside and outside.<br \/>\n\tIn case of fire, call 112.<\/td>\n<\/tr>\n<tr>\n<td>\n<h4>Order\t<\/h4>\n<\/td>\n<td>Please use the furniture and equipment of our guesthouses \t\tprudently.  <\/td>\n<\/tr>\n<\/tbody>\n<\/table>\n","protected":false},"excerpt":{"rendered":"<p>Policies of Madise Guesthouse Rannak\u00fcla village, 91104 L\u00e4\u00e4ne county, L\u00e4\u00e4ne-Nigula parish T: +372 5664 4771 E: madise.majutus@gmail.com * CHECK-IN From 15:00 CHECK-OUT Until 12:00 Payment Options Debit\/credit cards (Visa, Euro\/Mastercard, Maestro), invoice (100% prepayment before check-in), cash Pets Pets are allowed, preliminary agreement required. Peace and Quiet To ensure quiet and peace for all Madise [&hellip;]<\/p>\n","protected":false},"author":1,"featured_media":0,"parent":0,"menu_order":0,"comment_status":"closed","ping_status":"closed","template":"","meta":{"ngg_post_thumbnail":0,"footnotes":""},"class_list":["post-28","page","type-page","status-publish","hentry"],"_links":{"self":[{"href":"http:\/\/madise.ee\/index.php?rest_route=\/wp\/v2\/pages\/28"}],"collection":[{"href":"http:\/\/madise.ee\/index.php?rest_route=\/wp\/v2\/pages"}],"about":[{"href":"http:\/\/madise.ee\/index.php?rest_route=\/wp\/v2\/types\/page"}],"author":[{"embeddable":true,"href":"http:\/\/madise.ee\/index.php?rest_route=\/wp\/v2\/users\/1"}],"replies":[{"embeddable":true,"href":"http:\/\/madise.ee\/index.php?rest_route=%2Fwp%2Fv2%2Fcomments&post=28"}],"version-history":[{"count":7,"href":"http:\/\/madise.ee\/index.php?rest_route=\/wp\/v2\/pages\/28\/revisions"}],"predecessor-version":[{"id":537,"href":"http:\/\/madise.ee\/index.php?rest_route=\/wp\/v2\/pages\/28\/revisions\/537"}],"wp:attachment":[{"href":"http:\/\/madise.ee\/index.php?rest_route=%2Fwp%2Fv2%2Fmedia&parent=28"}],"curies":[{"name":"wp","href":"https:\/\/api.w.org\/{rel}","templated":true}]}}