{"id":359,"date":"2019-01-01T10:54:43","date_gmt":"2019-01-01T10:54:43","guid":{"rendered":"http:\/\/madise.ee\/?page_id=359"},"modified":"2021-04-25T12:37:27","modified_gmt":"2021-04-25T12:37:27","slug":"pakapikumaja","status":"publish","type":"page","link":"http:\/\/madise.ee\/?page_id=359","title":{"rendered":"P\u00e4kapikumaja"},"content":{"rendered":"<p>V\u00e4ike ja armas P\u00e4kapikumaja on parim valik just l\u00fchiajaliseks peatumiseks Madise Puhkemajades. Majake sisaldab kahte voodikohta (lisavoodi v\u00f5imalust ei ole) ning maja ees terrassil on v\u00e4ikese laua ja kahe tooliga istumiskoht. 25m kaugusel majast on teise v\u00e4ikese k\u00e4mpingumajaga \u00fchiselt kasutatav v\u00e4lik\u00f6\u00f6k puhkenurga ja grilliga ning tualett- ja du\u0161iruum. K\u00f6\u00f6gis on olemas k\u00f5ik vajalikud n\u00f5ud ja maitseained (nt sool, suhkur, \u00f5li, tee, kohv, veekeetja, presskann).<\/p>\n<p><!-- default-view.php -->\n<div\n\tclass=\"ngg-galleryoverview default-view \n\t ngg-ajax-pagination-none\t\"\n\tid=\"ngg-gallery-199eb337cef310fa9a7f9517db96d329-1\">\n\n\t\t<!-- Thumbnails -->\n\t\t\t\t<div id=\"ngg-image-0\" class=\"ngg-gallery-thumbnail-box \n\t\t\t\t\t\t\t\t\t\t\t\" \n\t\t\t>\n\t\t\t\t\t\t<div class=\"ngg-gallery-thumbnail\">\n\t\t\t<a href=\"http:\/\/madise.ee\/wp-content\/gallery\/hobbit-house\/p2.jpg\"\n\t\t\t\ttitle=\"\"\n\t\t\t\tdata-src=\"http:\/\/madise.ee\/wp-content\/gallery\/hobbit-house\/p2.jpg\"\n\t\t\t\tdata-thumbnail=\"http:\/\/madise.ee\/wp-content\/gallery\/hobbit-house\/thumbs\/thumbs_p2.jpg\"\n\t\t\t\tdata-image-id=\"30\"\n\t\t\t\tdata-title=\"p2.jpg\"\n\t\t\t\tdata-description=\"\"\n\t\t\t\tdata-image-slug=\"p2-jpg\"\n\t\t\t\tclass=\"ngg-fancybox\" rel=\"199eb337cef310fa9a7f9517db96d329\">\n\t\t\t\t<img\n\t\t\t\t\ttitle=\"p2.jpg\"\n\t\t\t\t\talt=\"p2.jpg\"\n\t\t\t\t\tsrc=\"http:\/\/madise.ee\/wp-content\/gallery\/hobbit-house\/thumbs\/thumbs_p2.jpg\"\n\t\t\t\t\twidth=\"120\"\n\t\t\t\t\theight=\"90\"\n\t\t\t\t\tstyle=\"max-width:100%;\"\n\t\t\t\t\/>\n\t\t\t<\/a>\n\t\t<\/div>\n\t\t\t\t\t\t\t<\/div> \n\t\t\t\n\t\t\t\t<div id=\"ngg-image-1\" class=\"ngg-gallery-thumbnail-box \n\t\t\t\t\t\t\t\t\t\t\t\" \n\t\t\t>\n\t\t\t\t\t\t<div class=\"ngg-gallery-thumbnail\">\n\t\t\t<a href=\"http:\/\/madise.ee\/wp-content\/gallery\/hobbit-house\/IMG_5260.jpeg\"\n\t\t\t\ttitle=\"\"\n\t\t\t\tdata-src=\"http:\/\/madise.ee\/wp-content\/gallery\/hobbit-house\/IMG_5260.jpeg\"\n\t\t\t\tdata-thumbnail=\"http:\/\/madise.ee\/wp-content\/gallery\/hobbit-house\/thumbs\/thumbs_IMG_5260.jpeg\"\n\t\t\t\tdata-image-id=\"49\"\n\t\t\t\tdata-title=\"IMG_5260.jpeg\"\n\t\t\t\tdata-description=\"\"\n\t\t\t\tdata-image-slug=\"img_5260-jpeg\"\n\t\t\t\tclass=\"ngg-fancybox\" rel=\"199eb337cef310fa9a7f9517db96d329\">\n\t\t\t\t<img\n\t\t\t\t\ttitle=\"IMG_5260.jpeg\"\n\t\t\t\t\talt=\"IMG_5260.jpeg\"\n\t\t\t\t\tsrc=\"http:\/\/madise.ee\/wp-content\/gallery\/hobbit-house\/thumbs\/thumbs_IMG_5260.jpeg\"\n\t\t\t\t\twidth=\"120\"\n\t\t\t\t\theight=\"90\"\n\t\t\t\t\tstyle=\"max-width:100%;\"\n\t\t\t\t\/>\n\t\t\t<\/a>\n\t\t<\/div>\n\t\t\t\t\t\t\t<\/div> \n\t\t\t\n\t\t\t\t<div id=\"ngg-image-2\" class=\"ngg-gallery-thumbnail-box \n\t\t\t\t\t\t\t\t\t\t\t\" \n\t\t\t>\n\t\t\t\t\t\t<div class=\"ngg-gallery-thumbnail\">\n\t\t\t<a href=\"http:\/\/madise.ee\/wp-content\/gallery\/hobbit-house\/p%C3%A4kapikk.jpg\"\n\t\t\t\ttitle=\"\"\n\t\t\t\tdata-src=\"http:\/\/madise.ee\/wp-content\/gallery\/hobbit-house\/p%C3%A4kapikk.jpg\"\n\t\t\t\tdata-thumbnail=\"http:\/\/madise.ee\/wp-content\/gallery\/hobbit-house\/thumbs\/thumbs_p%C3%A4kapikk.jpg\"\n\t\t\t\tdata-image-id=\"58\"\n\t\t\t\tdata-title=\"p\u00e4kapikk.jpg\"\n\t\t\t\tdata-description=\"\"\n\t\t\t\tdata-image-slug=\"p%c3%a4kapikk-jpg\"\n\t\t\t\tclass=\"ngg-fancybox\" rel=\"199eb337cef310fa9a7f9517db96d329\">\n\t\t\t\t<img\n\t\t\t\t\ttitle=\"p\u00e4kapikk.jpg\"\n\t\t\t\t\talt=\"p\u00e4kapikk.jpg\"\n\t\t\t\t\tsrc=\"http:\/\/madise.ee\/wp-content\/gallery\/hobbit-house\/thumbs\/thumbs_p%C3%A4kapikk.jpg\"\n\t\t\t\t\twidth=\"120\"\n\t\t\t\t\theight=\"90\"\n\t\t\t\t\tstyle=\"max-width:100%;\"\n\t\t\t\t\/>\n\t\t\t<\/a>\n\t\t<\/div>\n\t\t\t\t\t\t\t<\/div> \n\t\t\t\n\t\n\t<br style=\"clear: both\" \/>\n\n\t\t<div class=\"slideshowlink\">\n\t\t<a href='http:\/\/madise.ee\/index.php\/nggallery\/slideshow?page_id=359'>[Show slideshow]<\/a>\n\t\t\n\t<\/div>\n\t\n\t\t<!-- Pagination -->\n\t\t<div class='ngg-clear'><\/div>\t<\/div>\n<\/p>\n<p>Jagatud k\u00f6\u00f6k:<\/p>\n<p><!-- default-view.php -->\n<div\n\tclass=\"ngg-galleryoverview default-view \n\t ngg-ajax-pagination-none\t\"\n\tid=\"ngg-gallery-01eb665a285e92180406aadc6831d397-1\">\n\n\t\t<!-- Thumbnails -->\n\t\t\t\t<div id=\"ngg-image-0\" class=\"ngg-gallery-thumbnail-box \n\t\t\t\t\t\t\t\t\t\t\t\" \n\t\t\t>\n\t\t\t\t\t\t<div class=\"ngg-gallery-thumbnail\">\n\t\t\t<a href=\"http:\/\/madise.ee\/wp-content\/gallery\/kook\/20190406_170651.jpg\"\n\t\t\t\ttitle=\"\"\n\t\t\t\tdata-src=\"http:\/\/madise.ee\/wp-content\/gallery\/kook\/20190406_170651.jpg\"\n\t\t\t\tdata-thumbnail=\"http:\/\/madise.ee\/wp-content\/gallery\/kook\/thumbs\/thumbs_20190406_170651.jpg\"\n\t\t\t\tdata-image-id=\"25\"\n\t\t\t\tdata-title=\"20190406_170651.jpg\"\n\t\t\t\tdata-description=\"\"\n\t\t\t\tdata-image-slug=\"20190406_170651-jpg\"\n\t\t\t\tclass=\"ngg-fancybox\" rel=\"01eb665a285e92180406aadc6831d397\">\n\t\t\t\t<img\n\t\t\t\t\ttitle=\"20190406_170651.jpg\"\n\t\t\t\t\talt=\"20190406_170651.jpg\"\n\t\t\t\t\tsrc=\"http:\/\/madise.ee\/wp-content\/gallery\/kook\/thumbs\/thumbs_20190406_170651.jpg\"\n\t\t\t\t\twidth=\"120\"\n\t\t\t\t\theight=\"90\"\n\t\t\t\t\tstyle=\"max-width:100%;\"\n\t\t\t\t\/>\n\t\t\t<\/a>\n\t\t<\/div>\n\t\t\t\t\t\t\t<\/div> \n\t\t\t\n\t\t\t\t<div id=\"ngg-image-1\" class=\"ngg-gallery-thumbnail-box \n\t\t\t\t\t\t\t\t\t\t\t\" \n\t\t\t>\n\t\t\t\t\t\t<div class=\"ngg-gallery-thumbnail\">\n\t\t\t<a href=\"http:\/\/madise.ee\/wp-content\/gallery\/kook\/20190406_170849.jpg\"\n\t\t\t\ttitle=\"\"\n\t\t\t\tdata-src=\"http:\/\/madise.ee\/wp-content\/gallery\/kook\/20190406_170849.jpg\"\n\t\t\t\tdata-thumbnail=\"http:\/\/madise.ee\/wp-content\/gallery\/kook\/thumbs\/thumbs_20190406_170849.jpg\"\n\t\t\t\tdata-image-id=\"26\"\n\t\t\t\tdata-title=\"20190406_170849.jpg\"\n\t\t\t\tdata-description=\"\"\n\t\t\t\tdata-image-slug=\"20190406_170849-jpg\"\n\t\t\t\tclass=\"ngg-fancybox\" rel=\"01eb665a285e92180406aadc6831d397\">\n\t\t\t\t<img\n\t\t\t\t\ttitle=\"20190406_170849.jpg\"\n\t\t\t\t\talt=\"20190406_170849.jpg\"\n\t\t\t\t\tsrc=\"http:\/\/madise.ee\/wp-content\/gallery\/kook\/thumbs\/thumbs_20190406_170849.jpg\"\n\t\t\t\t\twidth=\"120\"\n\t\t\t\t\theight=\"90\"\n\t\t\t\t\tstyle=\"max-width:100%;\"\n\t\t\t\t\/>\n\t\t\t<\/a>\n\t\t<\/div>\n\t\t\t\t\t\t\t<\/div> \n\t\t\t\n\t\t\t\t<div id=\"ngg-image-2\" class=\"ngg-gallery-thumbnail-box \n\t\t\t\t\t\t\t\t\t\t\t\" \n\t\t\t>\n\t\t\t\t\t\t<div class=\"ngg-gallery-thumbnail\">\n\t\t\t<a href=\"http:\/\/madise.ee\/wp-content\/gallery\/kook\/20190406_170939.jpg\"\n\t\t\t\ttitle=\"\"\n\t\t\t\tdata-src=\"http:\/\/madise.ee\/wp-content\/gallery\/kook\/20190406_170939.jpg\"\n\t\t\t\tdata-thumbnail=\"http:\/\/madise.ee\/wp-content\/gallery\/kook\/thumbs\/thumbs_20190406_170939.jpg\"\n\t\t\t\tdata-image-id=\"27\"\n\t\t\t\tdata-title=\"20190406_170939.jpg\"\n\t\t\t\tdata-description=\"\"\n\t\t\t\tdata-image-slug=\"20190406_170939-jpg\"\n\t\t\t\tclass=\"ngg-fancybox\" rel=\"01eb665a285e92180406aadc6831d397\">\n\t\t\t\t<img\n\t\t\t\t\ttitle=\"20190406_170939.jpg\"\n\t\t\t\t\talt=\"20190406_170939.jpg\"\n\t\t\t\t\tsrc=\"http:\/\/madise.ee\/wp-content\/gallery\/kook\/thumbs\/thumbs_20190406_170939.jpg\"\n\t\t\t\t\twidth=\"120\"\n\t\t\t\t\theight=\"90\"\n\t\t\t\t\tstyle=\"max-width:100%;\"\n\t\t\t\t\/>\n\t\t\t<\/a>\n\t\t<\/div>\n\t\t\t\t\t\t\t<\/div> \n\t\t\t\n\t\t\t\t<div id=\"ngg-image-3\" class=\"ngg-gallery-thumbnail-box \n\t\t\t\t\t\t\t\t\t\t\t\" \n\t\t\t>\n\t\t\t\t\t\t<div class=\"ngg-gallery-thumbnail\">\n\t\t\t<a href=\"http:\/\/madise.ee\/wp-content\/gallery\/kook\/20190406_171423.jpg\"\n\t\t\t\ttitle=\"\"\n\t\t\t\tdata-src=\"http:\/\/madise.ee\/wp-content\/gallery\/kook\/20190406_171423.jpg\"\n\t\t\t\tdata-thumbnail=\"http:\/\/madise.ee\/wp-content\/gallery\/kook\/thumbs\/thumbs_20190406_171423.jpg\"\n\t\t\t\tdata-image-id=\"28\"\n\t\t\t\tdata-title=\"20190406_171423.jpg\"\n\t\t\t\tdata-description=\"\"\n\t\t\t\tdata-image-slug=\"20190406_171423-jpg\"\n\t\t\t\tclass=\"ngg-fancybox\" rel=\"01eb665a285e92180406aadc6831d397\">\n\t\t\t\t<img\n\t\t\t\t\ttitle=\"20190406_171423.jpg\"\n\t\t\t\t\talt=\"20190406_171423.jpg\"\n\t\t\t\t\tsrc=\"http:\/\/madise.ee\/wp-content\/gallery\/kook\/thumbs\/thumbs_20190406_171423.jpg\"\n\t\t\t\t\twidth=\"120\"\n\t\t\t\t\theight=\"90\"\n\t\t\t\t\tstyle=\"max-width:100%;\"\n\t\t\t\t\/>\n\t\t\t<\/a>\n\t\t<\/div>\n\t\t\t\t\t\t\t<\/div> \n\t\t\t\n\t\t\t\t<div id=\"ngg-image-4\" class=\"ngg-gallery-thumbnail-box \n\t\t\t\t\t\t\t\t\t\t\t\" \n\t\t\t>\n\t\t\t\t\t\t<div class=\"ngg-gallery-thumbnail\">\n\t\t\t<a href=\"http:\/\/madise.ee\/wp-content\/gallery\/kook\/20190406_165555.jpg\"\n\t\t\t\ttitle=\"\"\n\t\t\t\tdata-src=\"http:\/\/madise.ee\/wp-content\/gallery\/kook\/20190406_165555.jpg\"\n\t\t\t\tdata-thumbnail=\"http:\/\/madise.ee\/wp-content\/gallery\/kook\/thumbs\/thumbs_20190406_165555.jpg\"\n\t\t\t\tdata-image-id=\"29\"\n\t\t\t\tdata-title=\"20190406_165555.jpg\"\n\t\t\t\tdata-description=\"\"\n\t\t\t\tdata-image-slug=\"20190406_165555-jpg\"\n\t\t\t\tclass=\"ngg-fancybox\" rel=\"01eb665a285e92180406aadc6831d397\">\n\t\t\t\t<img\n\t\t\t\t\ttitle=\"20190406_165555.jpg\"\n\t\t\t\t\talt=\"20190406_165555.jpg\"\n\t\t\t\t\tsrc=\"http:\/\/madise.ee\/wp-content\/gallery\/kook\/thumbs\/thumbs_20190406_165555.jpg\"\n\t\t\t\t\twidth=\"120\"\n\t\t\t\t\theight=\"90\"\n\t\t\t\t\tstyle=\"max-width:100%;\"\n\t\t\t\t\/>\n\t\t\t<\/a>\n\t\t<\/div>\n\t\t\t\t\t\t\t<\/div> \n\t\t\t\n\t\t\t\t<div id=\"ngg-image-5\" class=\"ngg-gallery-thumbnail-box \n\t\t\t\t\t\t\t\t\t\t\t\" \n\t\t\t>\n\t\t\t\t\t\t<div class=\"ngg-gallery-thumbnail\">\n\t\t\t<a href=\"http:\/\/madise.ee\/wp-content\/gallery\/kook\/outdoor.jpg\"\n\t\t\t\ttitle=\"\"\n\t\t\t\tdata-src=\"http:\/\/madise.ee\/wp-content\/gallery\/kook\/outdoor.jpg\"\n\t\t\t\tdata-thumbnail=\"http:\/\/madise.ee\/wp-content\/gallery\/kook\/thumbs\/thumbs_outdoor.jpg\"\n\t\t\t\tdata-image-id=\"44\"\n\t\t\t\tdata-title=\"outdoor.jpg\"\n\t\t\t\tdata-description=\"\"\n\t\t\t\tdata-image-slug=\"outdoor-jpg\"\n\t\t\t\tclass=\"ngg-fancybox\" rel=\"01eb665a285e92180406aadc6831d397\">\n\t\t\t\t<img\n\t\t\t\t\ttitle=\"outdoor.jpg\"\n\t\t\t\t\talt=\"outdoor.jpg\"\n\t\t\t\t\tsrc=\"http:\/\/madise.ee\/wp-content\/gallery\/kook\/thumbs\/thumbs_outdoor.jpg\"\n\t\t\t\t\twidth=\"120\"\n\t\t\t\t\theight=\"90\"\n\t\t\t\t\tstyle=\"max-width:100%;\"\n\t\t\t\t\/>\n\t\t\t<\/a>\n\t\t<\/div>\n\t\t\t\t\t\t\t<\/div> \n\t\t\t\n\t\t\t\t<div id=\"ngg-image-6\" class=\"ngg-gallery-thumbnail-box \n\t\t\t\t\t\t\t\t\t\t\t\" \n\t\t\t>\n\t\t\t\t\t\t<div class=\"ngg-gallery-thumbnail\">\n\t\t\t<a href=\"http:\/\/madise.ee\/wp-content\/gallery\/kook\/IMG_5266.jpeg\"\n\t\t\t\ttitle=\"\"\n\t\t\t\tdata-src=\"http:\/\/madise.ee\/wp-content\/gallery\/kook\/IMG_5266.jpeg\"\n\t\t\t\tdata-thumbnail=\"http:\/\/madise.ee\/wp-content\/gallery\/kook\/thumbs\/thumbs_IMG_5266.jpeg\"\n\t\t\t\tdata-image-id=\"50\"\n\t\t\t\tdata-title=\"IMG_5266.jpeg\"\n\t\t\t\tdata-description=\"\"\n\t\t\t\tdata-image-slug=\"img_5266-jpeg\"\n\t\t\t\tclass=\"ngg-fancybox\" rel=\"01eb665a285e92180406aadc6831d397\">\n\t\t\t\t<img\n\t\t\t\t\ttitle=\"IMG_5266.jpeg\"\n\t\t\t\t\talt=\"IMG_5266.jpeg\"\n\t\t\t\t\tsrc=\"http:\/\/madise.ee\/wp-content\/gallery\/kook\/thumbs\/thumbs_IMG_5266.jpeg\"\n\t\t\t\t\twidth=\"120\"\n\t\t\t\t\theight=\"90\"\n\t\t\t\t\tstyle=\"max-width:100%;\"\n\t\t\t\t\/>\n\t\t\t<\/a>\n\t\t<\/div>\n\t\t\t\t\t\t\t<\/div> \n\t\t\t\n\t\n\t<br style=\"clear: both\" \/>\n\n\t\t<div class=\"slideshowlink\">\n\t\t<a href='http:\/\/madise.ee\/index.php\/nggallery\/slideshow?page_id=359'>[Show slideshow]<\/a>\n\t\t\n\t<\/div>\n\t\n\t\t<!-- Pagination -->\n\t\t<div class='ngg-clear'><\/div>\t<\/div>\n<\/p>\n","protected":false},"excerpt":{"rendered":"<p>V\u00e4ike ja armas P\u00e4kapikumaja on parim valik just l\u00fchiajaliseks peatumiseks Madise Puhkemajades. Majake sisaldab kahte voodikohta (lisavoodi v\u00f5imalust ei ole) ning maja ees terrassil on v\u00e4ikese laua ja kahe tooliga istumiskoht. 25m kaugusel majast on teise v\u00e4ikese k\u00e4mpingumajaga \u00fchiselt kasutatav v\u00e4lik\u00f6\u00f6k puhkenurga ja grilliga ning tualett- ja du\u0161iruum. K\u00f6\u00f6gis on olemas k\u00f5ik vajalikud n\u00f5ud ja [&hellip;]<\/p>\n","protected":false},"author":1,"featured_media":0,"parent":0,"menu_order":0,"comment_status":"closed","ping_status":"open","template":"","meta":{"ngg_post_thumbnail":0,"footnotes":""},"class_list":["post-359","page","type-page","status-publish","hentry"],"_links":{"self":[{"href":"http:\/\/madise.ee\/index.php?rest_route=\/wp\/v2\/pages\/359"}],"collection":[{"href":"http:\/\/madise.ee\/index.php?rest_route=\/wp\/v2\/pages"}],"about":[{"href":"http:\/\/madise.ee\/index.php?rest_route=\/wp\/v2\/types\/page"}],"author":[{"embeddable":true,"href":"http:\/\/madise.ee\/index.php?rest_route=\/wp\/v2\/users\/1"}],"replies":[{"embeddable":true,"href":"http:\/\/madise.ee\/index.php?rest_route=%2Fwp%2Fv2%2Fcomments&post=359"}],"version-history":[{"count":8,"href":"http:\/\/madise.ee\/index.php?rest_route=\/wp\/v2\/pages\/359\/revisions"}],"predecessor-version":[{"id":604,"href":"http:\/\/madise.ee\/index.php?rest_route=\/wp\/v2\/pages\/359\/revisions\/604"}],"wp:attachment":[{"href":"http:\/\/madise.ee\/index.php?rest_route=%2Fwp%2Fv2%2Fmedia&parent=359"}],"curies":[{"name":"wp","href":"https:\/\/api.w.org\/{rel}","templated":true}]}}