{"id":40,"date":"2015-03-01T12:43:13","date_gmt":"2015-03-01T12:43:13","guid":{"rendered":"http:\/\/madise-ee.sn24.zone.eu\/?page_id=40"},"modified":"2023-05-28T11:54:15","modified_gmt":"2023-05-28T11:54:15","slug":"kulalistemaja","status":"publish","type":"page","link":"http:\/\/madise.ee\/?page_id=40","title":{"rendered":"K\u00fclalistemaja"},"content":{"rendered":"<p>Meie Puhkemajas on 4 voodikohta ja 2 lisavoodi v\u00f5imalus. Lisaks magamistubadele on\u00a0puhkemajas kaminaruum, k\u00f6\u00f6k ja WC\/du\u0161iruum. Kokkuleppel saab kasutada ka k\u00f5rvalasuvat saunamaja, kus lahedalt ruumi leilitada ja p\u00e4rast kaminaruumis istuda 6-le inimesele. P\u00e4rast sauna on v\u00f5imalus ka tiiki h\u00fcpata. Maja ees on v\u00e4likamin, kus saab romantiliselt aega veeta ja veidi majast eemal on suur \u201ek\u00fclakiik\u201c. Sellest edasi algab juba mustikamets. Maja juurest mereni viib kaunis matkarada ca 1 km.<\/p>\n<p>\n<div class=\"ngg-galleryoverview ngg-template-caption\" id=\"ngg-gallery-dd8324bca15defebb20e47862439502f-40\">\n\n\t\t\t<!-- Slideshow link -->\n\t<div class=\"slideshowlink\">\n\t\t<a class=\"slideshowlink\" href=\"http:\/\/madise.ee\/index.php\/nggallery\/slideshow?page_id=40\">\n\t\t\t[Show slideshow]\t\t<\/a>\n\t<\/div>\n\n\t<!-- Thumbnails -->\n\t\t\t\t\t\n\t<div id=\"ngg-image-18\" class=\"ngg-gallery-thumbnail-box\"  >\n\t\t<div class=\"ngg-gallery-thumbnail\" >\n\t\t\t<a href=\"http:\/\/madise.ee\/wp-content\/gallery\/guesthouse\/DSCN3806-1.jpg\"\n\t\t\t\ttitle=\" \"\n\t\t\t\tclass=\"ngg-fancybox\" rel=\"dd8324bca15defebb20e47862439502f\" data-image-id=\"18\" data-src=\"http:\/\/madise.ee\/wp-content\/gallery\/guesthouse\/DSCN3806-1.jpg\" data-thumbnail=\"http:\/\/madise.ee\/wp-content\/gallery\/guesthouse\/cache\/DSCN3806-1.jpg-nggid0218-ngg0dyn-200x150x100-00f0w010c011r110f110r010t010.jpg\" data-title=\"DSCN3806 (1).jpg\" data-description=\" \" >\n\t\t\t\t\t\t\t\t<img title=\"DSCN3806 (1).jpg\" alt=\"DSCN3806 (1).jpg\" src=\"http:\/\/madise.ee\/wp-content\/gallery\/guesthouse\/cache\/DSCN3806-1.jpg-nggid0218-ngg0dyn-200x150x100-00f0w010c011r110f110r010t010.jpg\" width='200' height='150' \/>\n\t\t\t\t\t\t\t<\/a>\n\t\t\t<span>\n\t\t\t \t\t\t<\/span>\n\t\t<\/div>\n\t<\/div>\n\t\t\t\t\t\t\t\t\n\t<div id=\"ngg-image-5\" class=\"ngg-gallery-thumbnail-box\"  >\n\t\t<div class=\"ngg-gallery-thumbnail\" >\n\t\t\t<a href=\"http:\/\/madise.ee\/wp-content\/gallery\/guesthouse\/DSCN4368.jpg\"\n\t\t\t\ttitle=\" \"\n\t\t\t\tclass=\"ngg-fancybox\" rel=\"dd8324bca15defebb20e47862439502f\" data-image-id=\"5\" data-src=\"http:\/\/madise.ee\/wp-content\/gallery\/guesthouse\/DSCN4368.jpg\" data-thumbnail=\"http:\/\/madise.ee\/wp-content\/gallery\/guesthouse\/cache\/DSCN4368.jpg-nggid015-ngg0dyn-200x150x100-00f0w010c011r110f110r010t010.jpg\" data-title=\"DSCN4368.jpg\" data-description=\" \" >\n\t\t\t\t\t\t\t\t<img title=\"DSCN4368.jpg\" alt=\"DSCN4368.jpg\" src=\"http:\/\/madise.ee\/wp-content\/gallery\/guesthouse\/cache\/DSCN4368.jpg-nggid015-ngg0dyn-200x150x100-00f0w010c011r110f110r010t010.jpg\" width='200' height='150' \/>\n\t\t\t\t\t\t\t<\/a>\n\t\t\t<span>\n\t\t\t \t\t\t<\/span>\n\t\t<\/div>\n\t<\/div>\n\t\t\t\t\t\t\t\t\n\t<div id=\"ngg-image-6\" class=\"ngg-gallery-thumbnail-box\"  >\n\t\t<div class=\"ngg-gallery-thumbnail\" >\n\t\t\t<a href=\"http:\/\/madise.ee\/wp-content\/gallery\/guesthouse\/DSCN43701.jpg\"\n\t\t\t\ttitle=\" \"\n\t\t\t\tclass=\"ngg-fancybox\" rel=\"dd8324bca15defebb20e47862439502f\" data-image-id=\"6\" data-src=\"http:\/\/madise.ee\/wp-content\/gallery\/guesthouse\/DSCN43701.jpg\" data-thumbnail=\"http:\/\/madise.ee\/wp-content\/gallery\/guesthouse\/cache\/DSCN43701.jpg-nggid016-ngg0dyn-200x150x100-00f0w010c011r110f110r010t010.jpg\" data-title=\"DSCN43701.jpg\" data-description=\" \" >\n\t\t\t\t\t\t\t\t<img title=\"DSCN43701.jpg\" alt=\"DSCN43701.jpg\" src=\"http:\/\/madise.ee\/wp-content\/gallery\/guesthouse\/cache\/DSCN43701.jpg-nggid016-ngg0dyn-200x150x100-00f0w010c011r110f110r010t010.jpg\" width='200' height='150' \/>\n\t\t\t\t\t\t\t<\/a>\n\t\t\t<span>\n\t\t\t \t\t\t<\/span>\n\t\t<\/div>\n\t<\/div>\n\t\t\t\t\t\t\t\t\n\t<div id=\"ngg-image-4\" class=\"ngg-gallery-thumbnail-box\"  >\n\t\t<div class=\"ngg-gallery-thumbnail\" >\n\t\t\t<a href=\"http:\/\/madise.ee\/wp-content\/gallery\/guesthouse\/DSCN4366.jpg\"\n\t\t\t\ttitle=\" \"\n\t\t\t\tclass=\"ngg-fancybox\" rel=\"dd8324bca15defebb20e47862439502f\" data-image-id=\"4\" data-src=\"http:\/\/madise.ee\/wp-content\/gallery\/guesthouse\/DSCN4366.jpg\" data-thumbnail=\"http:\/\/madise.ee\/wp-content\/gallery\/guesthouse\/cache\/DSCN4366.jpg-nggid014-ngg0dyn-200x150x100-00f0w010c011r110f110r010t010.jpg\" data-title=\"DSCN4366.jpg\" data-description=\" \" >\n\t\t\t\t\t\t\t\t<img title=\"DSCN4366.jpg\" alt=\"DSCN4366.jpg\" src=\"http:\/\/madise.ee\/wp-content\/gallery\/guesthouse\/cache\/DSCN4366.jpg-nggid014-ngg0dyn-200x150x100-00f0w010c011r110f110r010t010.jpg\" width='200' height='150' \/>\n\t\t\t\t\t\t\t<\/a>\n\t\t\t<span>\n\t\t\t \t\t\t<\/span>\n\t\t<\/div>\n\t<\/div>\n\t\t\t\t\t\t\t\t\n\t<div id=\"ngg-image-1\" class=\"ngg-gallery-thumbnail-box\"  >\n\t\t<div class=\"ngg-gallery-thumbnail\" >\n\t\t\t<a href=\"http:\/\/madise.ee\/wp-content\/gallery\/guesthouse\/Guesthouse-1st-floor-2.jpg\"\n\t\t\t\ttitle=\" \"\n\t\t\t\tclass=\"ngg-fancybox\" rel=\"dd8324bca15defebb20e47862439502f\" data-image-id=\"1\" data-src=\"http:\/\/madise.ee\/wp-content\/gallery\/guesthouse\/Guesthouse-1st-floor-2.jpg\" data-thumbnail=\"http:\/\/madise.ee\/wp-content\/gallery\/guesthouse\/cache\/Guesthouse-1st-floor-2.jpg-nggid011-ngg0dyn-200x150x100-00f0w010c011r110f110r010t010.jpg\" data-title=\"DCIM999GOPRO\" data-description=\" \" >\n\t\t\t\t\t\t\t\t<img title=\"DCIM999GOPRO\" alt=\"DCIM999GOPRO\" src=\"http:\/\/madise.ee\/wp-content\/gallery\/guesthouse\/cache\/Guesthouse-1st-floor-2.jpg-nggid011-ngg0dyn-200x150x100-00f0w010c011r110f110r010t010.jpg\" width='200' height='150' \/>\n\t\t\t\t\t\t\t<\/a>\n\t\t\t<span>\n\t\t\t \t\t\t<\/span>\n\t\t<\/div>\n\t<\/div>\n\t\t\t\t\t\t\t\t\n\t<div id=\"ngg-image-3\" class=\"ngg-gallery-thumbnail-box\"  >\n\t\t<div class=\"ngg-gallery-thumbnail\" >\n\t\t\t<a href=\"http:\/\/madise.ee\/wp-content\/gallery\/guesthouse\/Guesthouse-1st-floor-4.jpg\"\n\t\t\t\ttitle=\" \"\n\t\t\t\tclass=\"ngg-fancybox\" rel=\"dd8324bca15defebb20e47862439502f\" data-image-id=\"3\" data-src=\"http:\/\/madise.ee\/wp-content\/gallery\/guesthouse\/Guesthouse-1st-floor-4.jpg\" data-thumbnail=\"http:\/\/madise.ee\/wp-content\/gallery\/guesthouse\/cache\/Guesthouse-1st-floor-4.jpg-nggid013-ngg0dyn-200x150x100-00f0w010c011r110f110r010t010.jpg\" data-title=\"DCIM999GOPRO\" data-description=\" \" >\n\t\t\t\t\t\t\t\t<img title=\"DCIM999GOPRO\" alt=\"DCIM999GOPRO\" src=\"http:\/\/madise.ee\/wp-content\/gallery\/guesthouse\/cache\/Guesthouse-1st-floor-4.jpg-nggid013-ngg0dyn-200x150x100-00f0w010c011r110f110r010t010.jpg\" width='200' height='150' \/>\n\t\t\t\t\t\t\t<\/a>\n\t\t\t<span>\n\t\t\t \t\t\t<\/span>\n\t\t<\/div>\n\t<\/div>\n\t\t\t\t\t\t\t\t\n\t<div id=\"ngg-image-8\" class=\"ngg-gallery-thumbnail-box\"  >\n\t\t<div class=\"ngg-gallery-thumbnail\" >\n\t\t\t<a href=\"http:\/\/madise.ee\/wp-content\/gallery\/guesthouse\/P3083972.jpg\"\n\t\t\t\ttitle=\" \"\n\t\t\t\tclass=\"ngg-fancybox\" rel=\"dd8324bca15defebb20e47862439502f\" data-image-id=\"8\" data-src=\"http:\/\/madise.ee\/wp-content\/gallery\/guesthouse\/P3083972.jpg\" data-thumbnail=\"http:\/\/madise.ee\/wp-content\/gallery\/guesthouse\/cache\/P3083972.jpg-nggid018-ngg0dyn-200x150x100-00f0w010c011r110f110r010t010.jpg\" data-title=\"OLYMPUS DIGITAL CAMERA\" data-description=\" \" >\n\t\t\t\t\t\t\t\t<img title=\"OLYMPUS DIGITAL CAMERA\" alt=\"OLYMPUS DIGITAL CAMERA\" src=\"http:\/\/madise.ee\/wp-content\/gallery\/guesthouse\/cache\/P3083972.jpg-nggid018-ngg0dyn-200x150x100-00f0w010c011r110f110r010t010.jpg\" width='200' height='150' \/>\n\t\t\t\t\t\t\t<\/a>\n\t\t\t<span>\n\t\t\t \t\t\t<\/span>\n\t\t<\/div>\n\t<\/div>\n\t\t\t\t\t\t\t\t\n\t<div id=\"ngg-image-9\" class=\"ngg-gallery-thumbnail-box\"  >\n\t\t<div class=\"ngg-gallery-thumbnail\" >\n\t\t\t<a href=\"http:\/\/madise.ee\/wp-content\/gallery\/guesthouse\/P3083973.jpg\"\n\t\t\t\ttitle=\" \"\n\t\t\t\tclass=\"ngg-fancybox\" rel=\"dd8324bca15defebb20e47862439502f\" data-image-id=\"9\" data-src=\"http:\/\/madise.ee\/wp-content\/gallery\/guesthouse\/P3083973.jpg\" data-thumbnail=\"http:\/\/madise.ee\/wp-content\/gallery\/guesthouse\/cache\/P3083973.jpg-nggid019-ngg0dyn-200x150x100-00f0w010c011r110f110r010t010.jpg\" data-title=\"OLYMPUS DIGITAL CAMERA\" data-description=\" \" >\n\t\t\t\t\t\t\t\t<img title=\"OLYMPUS DIGITAL CAMERA\" alt=\"OLYMPUS DIGITAL CAMERA\" src=\"http:\/\/madise.ee\/wp-content\/gallery\/guesthouse\/cache\/P3083973.jpg-nggid019-ngg0dyn-200x150x100-00f0w010c011r110f110r010t010.jpg\" width='200' height='150' \/>\n\t\t\t\t\t\t\t<\/a>\n\t\t\t<span>\n\t\t\t \t\t\t<\/span>\n\t\t<\/div>\n\t<\/div>\n\t\t\t\t\t\t\t\t\n\t<div id=\"ngg-image-10\" class=\"ngg-gallery-thumbnail-box\"  >\n\t\t<div class=\"ngg-gallery-thumbnail\" >\n\t\t\t<a href=\"http:\/\/madise.ee\/wp-content\/gallery\/guesthouse\/Guesthouse-1st-floor.jpg\"\n\t\t\t\ttitle=\" \"\n\t\t\t\tclass=\"ngg-fancybox\" rel=\"dd8324bca15defebb20e47862439502f\" data-image-id=\"10\" data-src=\"http:\/\/madise.ee\/wp-content\/gallery\/guesthouse\/Guesthouse-1st-floor.jpg\" data-thumbnail=\"http:\/\/madise.ee\/wp-content\/gallery\/guesthouse\/cache\/Guesthouse-1st-floor.jpg-nggid0210-ngg0dyn-200x150x100-00f0w010c011r110f110r010t010.jpg\" data-title=\"DCIM999GOPRO\" data-description=\" \" >\n\t\t\t\t\t\t\t\t<img title=\"DCIM999GOPRO\" alt=\"DCIM999GOPRO\" src=\"http:\/\/madise.ee\/wp-content\/gallery\/guesthouse\/cache\/Guesthouse-1st-floor.jpg-nggid0210-ngg0dyn-200x150x100-00f0w010c011r110f110r010t010.jpg\" width='200' height='150' \/>\n\t\t\t\t\t\t\t<\/a>\n\t\t\t<span>\n\t\t\t \t\t\t<\/span>\n\t\t<\/div>\n\t<\/div>\n\t\t\t\t\t\t\t\t\n\t<div id=\"ngg-image-11\" class=\"ngg-gallery-thumbnail-box\"  >\n\t\t<div class=\"ngg-gallery-thumbnail\" >\n\t\t\t<a href=\"http:\/\/madise.ee\/wp-content\/gallery\/guesthouse\/Guesthouse-2nd-floor-3.jpg\"\n\t\t\t\ttitle=\" \"\n\t\t\t\tclass=\"ngg-fancybox\" rel=\"dd8324bca15defebb20e47862439502f\" data-image-id=\"11\" data-src=\"http:\/\/madise.ee\/wp-content\/gallery\/guesthouse\/Guesthouse-2nd-floor-3.jpg\" data-thumbnail=\"http:\/\/madise.ee\/wp-content\/gallery\/guesthouse\/cache\/Guesthouse-2nd-floor-3.jpg-nggid0211-ngg0dyn-200x150x100-00f0w010c011r110f110r010t010.jpg\" data-title=\"DCIM999GOPRO\" data-description=\" \" >\n\t\t\t\t\t\t\t\t<img title=\"DCIM999GOPRO\" alt=\"DCIM999GOPRO\" src=\"http:\/\/madise.ee\/wp-content\/gallery\/guesthouse\/cache\/Guesthouse-2nd-floor-3.jpg-nggid0211-ngg0dyn-200x150x100-00f0w010c011r110f110r010t010.jpg\" width='200' height='150' \/>\n\t\t\t\t\t\t\t<\/a>\n\t\t\t<span>\n\t\t\t \t\t\t<\/span>\n\t\t<\/div>\n\t<\/div>\n\t\t\t\t\t\t\t\t\n\t<div id=\"ngg-image-13\" class=\"ngg-gallery-thumbnail-box\"  >\n\t\t<div class=\"ngg-gallery-thumbnail\" >\n\t\t\t<a href=\"http:\/\/madise.ee\/wp-content\/gallery\/guesthouse\/Guesthouse-2nd-floor.jpg\"\n\t\t\t\ttitle=\" \"\n\t\t\t\tclass=\"ngg-fancybox\" rel=\"dd8324bca15defebb20e47862439502f\" data-image-id=\"13\" data-src=\"http:\/\/madise.ee\/wp-content\/gallery\/guesthouse\/Guesthouse-2nd-floor.jpg\" data-thumbnail=\"http:\/\/madise.ee\/wp-content\/gallery\/guesthouse\/cache\/Guesthouse-2nd-floor.jpg-nggid0213-ngg0dyn-200x150x100-00f0w010c011r110f110r010t010.jpg\" data-title=\"DCIM999GOPRO\" data-description=\" \" >\n\t\t\t\t\t\t\t\t<img title=\"DCIM999GOPRO\" alt=\"DCIM999GOPRO\" src=\"http:\/\/madise.ee\/wp-content\/gallery\/guesthouse\/cache\/Guesthouse-2nd-floor.jpg-nggid0213-ngg0dyn-200x150x100-00f0w010c011r110f110r010t010.jpg\" width='200' height='150' \/>\n\t\t\t\t\t\t\t<\/a>\n\t\t\t<span>\n\t\t\t \t\t\t<\/span>\n\t\t<\/div>\n\t<\/div>\n\t\t\t\t\t\t\t\t\n\t<div id=\"ngg-image-14\" class=\"ngg-gallery-thumbnail-box\"  >\n\t\t<div class=\"ngg-gallery-thumbnail\" >\n\t\t\t<a href=\"http:\/\/madise.ee\/wp-content\/gallery\/guesthouse\/Guesthouse-bedroom.jpg\"\n\t\t\t\ttitle=\" \"\n\t\t\t\tclass=\"ngg-fancybox\" rel=\"dd8324bca15defebb20e47862439502f\" data-image-id=\"14\" data-src=\"http:\/\/madise.ee\/wp-content\/gallery\/guesthouse\/Guesthouse-bedroom.jpg\" data-thumbnail=\"http:\/\/madise.ee\/wp-content\/gallery\/guesthouse\/cache\/Guesthouse-bedroom.jpg-nggid0214-ngg0dyn-200x150x100-00f0w010c011r110f110r010t010.jpg\" data-title=\"DCIM999GOPRO\" data-description=\" \" >\n\t\t\t\t\t\t\t\t<img title=\"DCIM999GOPRO\" alt=\"DCIM999GOPRO\" src=\"http:\/\/madise.ee\/wp-content\/gallery\/guesthouse\/cache\/Guesthouse-bedroom.jpg-nggid0214-ngg0dyn-200x150x100-00f0w010c011r110f110r010t010.jpg\" width='200' height='150' \/>\n\t\t\t\t\t\t\t<\/a>\n\t\t\t<span>\n\t\t\t \t\t\t<\/span>\n\t\t<\/div>\n\t<\/div>\n\t\t\t\t\t\t\t\t\n\t<div id=\"ngg-image-15\" class=\"ngg-gallery-thumbnail-box\"  >\n\t\t<div class=\"ngg-gallery-thumbnail\" >\n\t\t\t<a href=\"http:\/\/madise.ee\/wp-content\/gallery\/guesthouse\/Guesthouse-kitchen-2.jpg\"\n\t\t\t\ttitle=\" \"\n\t\t\t\tclass=\"ngg-fancybox\" rel=\"dd8324bca15defebb20e47862439502f\" data-image-id=\"15\" data-src=\"http:\/\/madise.ee\/wp-content\/gallery\/guesthouse\/Guesthouse-kitchen-2.jpg\" data-thumbnail=\"http:\/\/madise.ee\/wp-content\/gallery\/guesthouse\/cache\/Guesthouse-kitchen-2.jpg-nggid0215-ngg0dyn-200x150x100-00f0w010c011r110f110r010t010.jpg\" data-title=\"DCIM999GOPRO\" data-description=\" \" >\n\t\t\t\t\t\t\t\t<img title=\"DCIM999GOPRO\" alt=\"DCIM999GOPRO\" src=\"http:\/\/madise.ee\/wp-content\/gallery\/guesthouse\/cache\/Guesthouse-kitchen-2.jpg-nggid0215-ngg0dyn-200x150x100-00f0w010c011r110f110r010t010.jpg\" width='200' height='150' \/>\n\t\t\t\t\t\t\t<\/a>\n\t\t\t<span>\n\t\t\t \t\t\t<\/span>\n\t\t<\/div>\n\t<\/div>\n\t\t\t\t\t\t\t\t\n\t<div id=\"ngg-image-16\" class=\"ngg-gallery-thumbnail-box\"  >\n\t\t<div class=\"ngg-gallery-thumbnail\" >\n\t\t\t<a href=\"http:\/\/madise.ee\/wp-content\/gallery\/guesthouse\/Guesthouse-kitchen.jpg\"\n\t\t\t\ttitle=\" \"\n\t\t\t\tclass=\"ngg-fancybox\" rel=\"dd8324bca15defebb20e47862439502f\" data-image-id=\"16\" data-src=\"http:\/\/madise.ee\/wp-content\/gallery\/guesthouse\/Guesthouse-kitchen.jpg\" data-thumbnail=\"http:\/\/madise.ee\/wp-content\/gallery\/guesthouse\/cache\/Guesthouse-kitchen.jpg-nggid0216-ngg0dyn-200x150x100-00f0w010c011r110f110r010t010.jpg\" data-title=\"DCIM999GOPRO\" data-description=\" \" >\n\t\t\t\t\t\t\t\t<img title=\"DCIM999GOPRO\" alt=\"DCIM999GOPRO\" src=\"http:\/\/madise.ee\/wp-content\/gallery\/guesthouse\/cache\/Guesthouse-kitchen.jpg-nggid0216-ngg0dyn-200x150x100-00f0w010c011r110f110r010t010.jpg\" width='200' height='150' \/>\n\t\t\t\t\t\t\t<\/a>\n\t\t\t<span>\n\t\t\t \t\t\t<\/span>\n\t\t<\/div>\n\t<\/div>\n\t\t\t\t\t\t\t\t\n\t<div id=\"ngg-image-17\" class=\"ngg-gallery-thumbnail-box\"  >\n\t\t<div class=\"ngg-gallery-thumbnail\" >\n\t\t\t<a href=\"http:\/\/madise.ee\/wp-content\/gallery\/guesthouse\/Guesthouse-shower.jpg\"\n\t\t\t\ttitle=\" \"\n\t\t\t\tclass=\"ngg-fancybox\" rel=\"dd8324bca15defebb20e47862439502f\" data-image-id=\"17\" data-src=\"http:\/\/madise.ee\/wp-content\/gallery\/guesthouse\/Guesthouse-shower.jpg\" data-thumbnail=\"http:\/\/madise.ee\/wp-content\/gallery\/guesthouse\/cache\/Guesthouse-shower.jpg-nggid0217-ngg0dyn-200x150x100-00f0w010c011r110f110r010t010.jpg\" data-title=\"DCIM999GOPRO\" data-description=\" \" >\n\t\t\t\t\t\t\t\t<img title=\"DCIM999GOPRO\" alt=\"DCIM999GOPRO\" src=\"http:\/\/madise.ee\/wp-content\/gallery\/guesthouse\/cache\/Guesthouse-shower.jpg-nggid0217-ngg0dyn-200x150x100-00f0w010c011r110f110r010t010.jpg\" width='200' height='150' \/>\n\t\t\t\t\t\t\t<\/a>\n\t\t\t<span>\n\t\t\t \t\t\t<\/span>\n\t\t<\/div>\n\t<\/div>\n\t\t\t\t\t\t\t\t\n\t<div id=\"ngg-image-41\" class=\"ngg-gallery-thumbnail-box\"  >\n\t\t<div class=\"ngg-gallery-thumbnail\" >\n\t\t\t<a href=\"http:\/\/madise.ee\/wp-content\/gallery\/guesthouse\/grillimikoht.jpg\"\n\t\t\t\ttitle=\" \"\n\t\t\t\tclass=\"ngg-fancybox\" rel=\"dd8324bca15defebb20e47862439502f\" data-image-id=\"41\" data-src=\"http:\/\/madise.ee\/wp-content\/gallery\/guesthouse\/grillimikoht.jpg\" data-thumbnail=\"http:\/\/madise.ee\/wp-content\/gallery\/guesthouse\/cache\/grillimikoht.jpg-nggid0241-ngg0dyn-200x150x100-00f0w010c011r110f110r010t010.jpg\" data-title=\"grillimikoht.jpg\" data-description=\" \" >\n\t\t\t\t\t\t\t\t<img title=\"grillimikoht.jpg\" alt=\"grillimikoht.jpg\" src=\"http:\/\/madise.ee\/wp-content\/gallery\/guesthouse\/cache\/grillimikoht.jpg-nggid0241-ngg0dyn-200x150x100-00f0w010c011r110f110r010t010.jpg\" width='200' height='150' \/>\n\t\t\t\t\t\t\t<\/a>\n\t\t\t<span>\n\t\t\t \t\t\t<\/span>\n\t\t<\/div>\n\t<\/div>\n\t\t\t\t\t\t\t\t\n\t<div id=\"ngg-image-43\" class=\"ngg-gallery-thumbnail-box\"  >\n\t\t<div class=\"ngg-gallery-thumbnail\" >\n\t\t\t<a href=\"http:\/\/madise.ee\/wp-content\/gallery\/guesthouse\/sees-kamin.jpg\"\n\t\t\t\ttitle=\" \"\n\t\t\t\tclass=\"ngg-fancybox\" rel=\"dd8324bca15defebb20e47862439502f\" data-image-id=\"43\" data-src=\"http:\/\/madise.ee\/wp-content\/gallery\/guesthouse\/sees-kamin.jpg\" data-thumbnail=\"http:\/\/madise.ee\/wp-content\/gallery\/guesthouse\/cache\/sees-kamin.jpg-nggid0243-ngg0dyn-200x150x100-00f0w010c011r110f110r010t010.jpg\" data-title=\"sees kamin.jpg\" data-description=\" \" >\n\t\t\t\t\t\t\t\t<img title=\"sees kamin.jpg\" alt=\"sees kamin.jpg\" src=\"http:\/\/madise.ee\/wp-content\/gallery\/guesthouse\/cache\/sees-kamin.jpg-nggid0243-ngg0dyn-200x150x100-00f0w010c011r110f110r010t010.jpg\" width='200' height='150' \/>\n\t\t\t\t\t\t\t<\/a>\n\t\t\t<span>\n\t\t\t \t\t\t<\/span>\n\t\t<\/div>\n\t<\/div>\n\t\t\t\t\t\t\t\t\n\t<div id=\"ngg-image-46\" class=\"ngg-gallery-thumbnail-box\"  >\n\t\t<div class=\"ngg-gallery-thumbnail\" >\n\t\t\t<a href=\"http:\/\/madise.ee\/wp-content\/gallery\/guesthouse\/%C3%BCldvaade.jpg\"\n\t\t\t\ttitle=\" \"\n\t\t\t\tclass=\"ngg-fancybox\" rel=\"dd8324bca15defebb20e47862439502f\" data-image-id=\"46\" data-src=\"http:\/\/madise.ee\/wp-content\/gallery\/guesthouse\/%C3%BCldvaade.jpg\" data-thumbnail=\"http:\/\/madise.ee\/wp-content\/gallery\/guesthouse\/cache\/%C3%BCldvaade.jpg-nggid0246-ngg0dyn-200x150x100-00f0w010c011r110f110r010t010.jpg\" data-title=\"\u00fcldvaade.jpg\" data-description=\" \" >\n\t\t\t\t\t\t\t\t<img title=\"\u00fcldvaade.jpg\" alt=\"\u00fcldvaade.jpg\" src=\"http:\/\/madise.ee\/wp-content\/gallery\/guesthouse\/cache\/%C3%BCldvaade.jpg-nggid0246-ngg0dyn-200x150x100-00f0w010c011r110f110r010t010.jpg\" width='200' height='150' \/>\n\t\t\t\t\t\t\t<\/a>\n\t\t\t<span>\n\t\t\t \t\t\t<\/span>\n\t\t<\/div>\n\t<\/div>\n\t\t\t\t\t\t\t\t\n\t<div id=\"ngg-image-60\" class=\"ngg-gallery-thumbnail-box\"  >\n\t\t<div class=\"ngg-gallery-thumbnail\" >\n\t\t\t<a href=\"http:\/\/madise.ee\/wp-content\/gallery\/guesthouse\/IMG20240604134831.jpg\"\n\t\t\t\ttitle=\" \"\n\t\t\t\tclass=\"ngg-fancybox\" rel=\"dd8324bca15defebb20e47862439502f\" data-image-id=\"60\" data-src=\"http:\/\/madise.ee\/wp-content\/gallery\/guesthouse\/IMG20240604134831.jpg\" data-thumbnail=\"http:\/\/madise.ee\/wp-content\/gallery\/guesthouse\/cache\/IMG20240604134831.jpg-nggid0260-ngg0dyn-200x150x100-00f0w010c011r110f110r010t010.jpg\" data-title=\"IMG20240604134831.jpg\" data-description=\" \" >\n\t\t\t\t\t\t\t\t<img title=\"IMG20240604134831.jpg\" alt=\"IMG20240604134831.jpg\" src=\"http:\/\/madise.ee\/wp-content\/gallery\/guesthouse\/cache\/IMG20240604134831.jpg-nggid0260-ngg0dyn-200x150x100-00f0w010c011r110f110r010t010.jpg\" width='200' height='150' \/>\n\t\t\t\t\t\t\t<\/a>\n\t\t\t<span>\n\t\t\t \t\t\t<\/span>\n\t\t<\/div>\n\t<\/div>\n\t\t\t\t\t\t\t\t\n\t<div id=\"ngg-image-61\" class=\"ngg-gallery-thumbnail-box\"  >\n\t\t<div class=\"ngg-gallery-thumbnail\" >\n\t\t\t<a href=\"http:\/\/madise.ee\/wp-content\/gallery\/guesthouse\/IMG20240604134752.jpg\"\n\t\t\t\ttitle=\" \"\n\t\t\t\tclass=\"ngg-fancybox\" rel=\"dd8324bca15defebb20e47862439502f\" data-image-id=\"61\" data-src=\"http:\/\/madise.ee\/wp-content\/gallery\/guesthouse\/IMG20240604134752.jpg\" data-thumbnail=\"http:\/\/madise.ee\/wp-content\/gallery\/guesthouse\/cache\/IMG20240604134752.jpg-nggid0261-ngg0dyn-200x150x100-00f0w010c011r110f110r010t010.jpg\" data-title=\"IMG20240604134752.jpg\" data-description=\" \" >\n\t\t\t\t\t\t\t\t<img title=\"IMG20240604134752.jpg\" alt=\"IMG20240604134752.jpg\" src=\"http:\/\/madise.ee\/wp-content\/gallery\/guesthouse\/cache\/IMG20240604134752.jpg-nggid0261-ngg0dyn-200x150x100-00f0w010c011r110f110r010t010.jpg\" width='200' height='150' \/>\n\t\t\t\t\t\t\t<\/a>\n\t\t\t<span>\n\t\t\t \t\t\t<\/span>\n\t\t<\/div>\n\t<\/div>\n\t\t\t\t\t\t\t\t\n\t<!-- Pagination -->\n\t\t<div class='ngg-navigation'><span class='current'>1<\/span>\n<a class='page-numbers' data-pageid='2' href='http:\/\/madise.ee\/index.php\/nggallery\/page\/2?page_id=40'>2<\/a>\n<a class='prev' href='http:\/\/madise.ee\/index.php\/nggallery\/page\/2?page_id=40' data-pageid=2>&#9658;<\/a><\/div>\t\n<\/div>\n\n\t<\/p>\n<p>&nbsp;<\/p>\n<p>&nbsp;<\/p>\n<p>&nbsp;<\/p>\n","protected":false},"excerpt":{"rendered":"<p>Meie Puhkemajas on 4 voodikohta ja 2 lisavoodi v\u00f5imalus. Lisaks magamistubadele on\u00a0puhkemajas kaminaruum, k\u00f6\u00f6k ja WC\/du\u0161iruum. Kokkuleppel saab kasutada ka k\u00f5rvalasuvat saunamaja, kus lahedalt ruumi leilitada ja p\u00e4rast kaminaruumis istuda 6-le inimesele. P\u00e4rast sauna on v\u00f5imalus ka tiiki h\u00fcpata. Maja ees on v\u00e4likamin, kus saab romantiliselt aega veeta ja veidi majast eemal on suur \u201ek\u00fclakiik\u201c. [&hellip;]<\/p>\n","protected":false},"author":1,"featured_media":0,"parent":0,"menu_order":0,"comment_status":"closed","ping_status":"closed","template":"","meta":{"ngg_post_thumbnail":0,"footnotes":""},"class_list":["post-40","page","type-page","status-publish","hentry"],"_links":{"self":[{"href":"http:\/\/madise.ee\/index.php?rest_route=\/wp\/v2\/pages\/40"}],"collection":[{"href":"http:\/\/madise.ee\/index.php?rest_route=\/wp\/v2\/pages"}],"about":[{"href":"http:\/\/madise.ee\/index.php?rest_route=\/wp\/v2\/types\/page"}],"author":[{"embeddable":true,"href":"http:\/\/madise.ee\/index.php?rest_route=\/wp\/v2\/users\/1"}],"replies":[{"embeddable":true,"href":"http:\/\/madise.ee\/index.php?rest_route=%2Fwp%2Fv2%2Fcomments&post=40"}],"version-history":[{"count":18,"href":"http:\/\/madise.ee\/index.php?rest_route=\/wp\/v2\/pages\/40\/revisions"}],"predecessor-version":[{"id":382,"href":"http:\/\/madise.ee\/index.php?rest_route=\/wp\/v2\/pages\/40\/revisions\/382"}],"wp:attachment":[{"href":"http:\/\/madise.ee\/index.php?rest_route=%2Fwp%2Fv2%2Fmedia&parent=40"}],"curies":[{"name":"wp","href":"https:\/\/api.w.org\/{rel}","templated":true}]}}