{"id":46,"date":"2015-03-01T12:43:49","date_gmt":"2015-03-01T12:43:49","guid":{"rendered":"http:\/\/madise-ee.sn24.zone.eu\/?page_id=46"},"modified":"2023-05-28T11:54:09","modified_gmt":"2023-05-28T11:54:09","slug":"kontakt-ja-asukoht","status":"publish","type":"page","link":"http:\/\/madise.ee\/?page_id=46","title":{"rendered":"Kontakt ja asukoht"},"content":{"rendered":"<p>O\u00dc N\u00f5va-Madise<\/p>\n<p style=\"text-align: justify;\">Madise Puhkemaja<br \/>\nMaire Koppelmaa<br \/>\n+372 56\u00a064 47 71\u00a0madise.majutus@gmail.com<\/p>\n<p>Rannak\u00fcla k\u00fcla,\u00a0N\u00f5va osavald, L\u00e4\u00e4ne-Nigula vald, L\u00e4\u00e4nemaa 91104<\/p>\n<p>GPS koordinaadid:<a href=\"https:\/\/www.google.ee\/maps\/place\/59%C2%B014'15.6%22N+23%C2%B039'39.2%22E\/@59.2860848,24.0708094,9z\/data=!4m2!3m1!1s0x0:0x0?hl=et\" target=\"_blank\"> 59.237653, 23.660882<\/a><\/p>\n<p><strong>TALLINNA POOLT TULLES\u00a0<\/strong>v\u00f5ta suund Keila peale- 25 km. Keilasse j\u00f5udes s\u00f5ida m\u00f5\u00f5da Haapsalu maanteed edasi Haapsalu suunas ca 25 km, kuni j\u00f5uad Padisele.<\/p>\n<p>M\u00f6\u00f6du\u00a0Padise kloostrist\u00a0ja s\u00f5ida edasi umbes 2 kilomeetrit. P\u00f6\u00f6ra paremale, kus\u00a0teeviit\u00a0N\u00d5VA 29 km n\u00e4itab. S\u00f5ida otse\u00a0Harju-Risti\u00a0suunas, m\u00f6\u00f6du\u00a0Vihterpalust\u00a0ja s\u00f5ida kuni\u00a0N\u00f5va keskuseni. P\u00f6\u00f6ra paremale, kus teeviit Rannak\u00fcla 3 km n\u00e4itab. S\u00f5ida veel ca 2,2 km kuni n\u00e4ed vasakul teeviita Madise . TERE TULEMAST!<\/p>\n<p><iframe loading=\"lazy\" style=\"border: 0;\" src=\"https:\/\/www.google.com\/maps\/embed?pb=!1m14!1m8!1m3!1d521678.49447682564!2d24.070809399826228!3d59.28608475929862!3m2!1i1024!2i768!4f13.1!3m3!1m2!1s0x0%3A0x0!2zNTnCsDE0JzE1LjYiTiAyM8KwMzknMzkuMiJF!5e0!3m2!1set!2see!4v1426273348989\" width=\"600\" height=\"450\" frameborder=\"0\"><\/iframe><\/p>\n","protected":false},"excerpt":{"rendered":"<p>O\u00dc N\u00f5va-Madise Madise Puhkemaja Maire Koppelmaa +372 56\u00a064 47 71\u00a0madise.majutus@gmail.com Rannak\u00fcla k\u00fcla,\u00a0N\u00f5va osavald, L\u00e4\u00e4ne-Nigula vald, L\u00e4\u00e4nemaa 91104 GPS koordinaadid: 59.237653, 23.660882 TALLINNA POOLT TULLES\u00a0v\u00f5ta suund Keila peale- 25 km. Keilasse j\u00f5udes s\u00f5ida m\u00f5\u00f5da Haapsalu maanteed edasi Haapsalu suunas ca 25 km, kuni j\u00f5uad Padisele. M\u00f6\u00f6du\u00a0Padise kloostrist\u00a0ja s\u00f5ida edasi umbes 2 kilomeetrit. P\u00f6\u00f6ra paremale, kus\u00a0teeviit\u00a0N\u00d5VA 29 [&hellip;]<\/p>\n","protected":false},"author":1,"featured_media":0,"parent":0,"menu_order":0,"comment_status":"closed","ping_status":"closed","template":"","meta":{"ngg_post_thumbnail":0,"footnotes":""},"class_list":["post-46","page","type-page","status-publish","hentry"],"_links":{"self":[{"href":"http:\/\/madise.ee\/index.php?rest_route=\/wp\/v2\/pages\/46"}],"collection":[{"href":"http:\/\/madise.ee\/index.php?rest_route=\/wp\/v2\/pages"}],"about":[{"href":"http:\/\/madise.ee\/index.php?rest_route=\/wp\/v2\/types\/page"}],"author":[{"embeddable":true,"href":"http:\/\/madise.ee\/index.php?rest_route=\/wp\/v2\/users\/1"}],"replies":[{"embeddable":true,"href":"http:\/\/madise.ee\/index.php?rest_route=%2Fwp%2Fv2%2Fcomments&post=46"}],"version-history":[{"count":8,"href":"http:\/\/madise.ee\/index.php?rest_route=\/wp\/v2\/pages\/46\/revisions"}],"predecessor-version":[{"id":403,"href":"http:\/\/madise.ee\/index.php?rest_route=\/wp\/v2\/pages\/46\/revisions\/403"}],"wp:attachment":[{"href":"http:\/\/madise.ee\/index.php?rest_route=%2Fwp%2Fv2%2Fmedia&parent=46"}],"curies":[{"name":"wp","href":"https:\/\/api.w.org\/{rel}","templated":true}]}}