{"id":50,"date":"2015-03-01T12:44:28","date_gmt":"2015-03-01T12:44:28","guid":{"rendered":"http:\/\/madise-ee.sn24.zone.eu\/?page_id=50"},"modified":"2023-05-28T11:55:11","modified_gmt":"2023-05-28T11:55:11","slug":"sisekorraeeskirjad","status":"publish","type":"page","link":"http:\/\/madise.ee\/?page_id=50","title":{"rendered":"Sisekorraeeskirjad"},"content":{"rendered":"<p><strong>Majutusasutuse sisekorrareeglid<\/strong><\/p>\n<div>Madise puhkemajades l\u00e4htutakse sisekorrareeglitest:<\/div>\n<div>\n<\/div>\n<table>\n<tr>\n<td>Sisseregistreerimine<\/td>\n<td>Alates kell 15:00<\/td>\n<\/tr>\n<tr>\n<td>V\u00e4ljaregistreerimine<\/td>\n<td>Hiljemalt kell 12:00<\/td>\n<\/tr>\n<tr>\n<td>Maksmine<\/td>\n<td>Kaardiga, arvega (100% makstud enne saabumist), sularahas. Aktsepteeritavad kaardid: Visa, Euro\/Mastercard, Maestro<\/td>\n<\/tr>\n<tr>\n<td>Lemmikloomad<\/td>\n<td>Lemmikloomad on lubatud, vajalik eelkokkulepe.<\/td>\n<\/tr>\n<tr>\n<td>Vaikus ja rahu<\/td>\n<td>Et tagada k\u00f5igile k\u00fclastajatele meie territooriumil rahu ja vaikus, palume mitte p\u00f5hjustada k\u00f5va m\u00fcra ega oma tegevusega muul viisil teisi h\u00e4irida. <strong>\u00d5ues muusikaseadmete kuulamine ei ole lubatud.<\/strong><\/td>\n<\/tr>\n<tr>\n<td>Suitsetamine<\/td>\n<td>Suitsetamine on k\u00f5ikides puhkemajade siseruumides keelatud. Palume ka v\u00e4lik\u00f6\u00f6gi \u00fcmbruses tuleohutuse tagamiseks mitte suitsetada.<\/td>\n<\/tr>\n<tr>\n<td>Pr\u00fcgimajandus<\/td>\n<td>Sorteerime pr\u00fcgi &#8211; orgaaniline, p\u00f5lev ja mittep\u00f5lev ning tagastatav taara.<\/td>\n<\/tr>\n<tr>\n<td>Tuleoht<\/td>\n<td>Meie metsad on suvisel kuival ajal v\u00e4ga tuleohtlikud, seega on keelatud lahtise tule tegemine v\u00e4ljaspool l\u00f5kke- ning grillimiskohta. Ka seal tule tegemisel tuleb arvestada tuule tugevusega. \u00c4rge j\u00e4tke p\u00f5levaid k\u00fc\u00fcnlaid ilma j\u00e4relvalveta tuppa ega \u00f5ue.<br \/>\n\t<br \/>Tulekahju korral helistage numbrile 112.<\/td>\n<\/tr>\n<tr>\n<td>Kord<\/td>\n<td>Puhkemajade m\u00f6\u00f6blit ja seadmeid palume kasutada heaperemehelikult.<\/td>\n<\/tr>\n<\/table>\n","protected":false},"excerpt":{"rendered":"<p>Majutusasutuse sisekorrareeglid Madise puhkemajades l\u00e4htutakse sisekorrareeglitest: Sisseregistreerimine Alates kell 15:00 V\u00e4ljaregistreerimine Hiljemalt kell 12:00 Maksmine Kaardiga, arvega (100% makstud enne saabumist), sularahas. Aktsepteeritavad kaardid: Visa, Euro\/Mastercard, Maestro Lemmikloomad Lemmikloomad on lubatud, vajalik eelkokkulepe. Vaikus ja rahu Et tagada k\u00f5igile k\u00fclastajatele meie territooriumil rahu ja vaikus, palume mitte p\u00f5hjustada k\u00f5va m\u00fcra ega oma tegevusega muul viisil [&hellip;]<\/p>\n","protected":false},"author":1,"featured_media":0,"parent":0,"menu_order":0,"comment_status":"closed","ping_status":"closed","template":"","meta":{"ngg_post_thumbnail":0,"footnotes":""},"class_list":["post-50","page","type-page","status-publish","hentry"],"_links":{"self":[{"href":"http:\/\/madise.ee\/index.php?rest_route=\/wp\/v2\/pages\/50"}],"collection":[{"href":"http:\/\/madise.ee\/index.php?rest_route=\/wp\/v2\/pages"}],"about":[{"href":"http:\/\/madise.ee\/index.php?rest_route=\/wp\/v2\/types\/page"}],"author":[{"embeddable":true,"href":"http:\/\/madise.ee\/index.php?rest_route=\/wp\/v2\/users\/1"}],"replies":[{"embeddable":true,"href":"http:\/\/madise.ee\/index.php?rest_route=%2Fwp%2Fv2%2Fcomments&post=50"}],"version-history":[{"count":13,"href":"http:\/\/madise.ee\/index.php?rest_route=\/wp\/v2\/pages\/50\/revisions"}],"predecessor-version":[{"id":532,"href":"http:\/\/madise.ee\/index.php?rest_route=\/wp\/v2\/pages\/50\/revisions\/532"}],"wp:attachment":[{"href":"http:\/\/madise.ee\/index.php?rest_route=%2Fwp%2Fv2%2Fmedia&parent=50"}],"curies":[{"name":"wp","href":"https:\/\/api.w.org\/{rel}","templated":true}]}}