{"id":52,"date":"2015-03-01T12:44:38","date_gmt":"2015-03-01T12:44:38","guid":{"rendered":"http:\/\/madise-ee.sn24.zone.eu\/?page_id=52"},"modified":"2024-05-13T10:37:23","modified_gmt":"2024-05-13T10:37:23","slug":"hea-teada","status":"publish","type":"page","link":"http:\/\/madise.ee\/?page_id=52","title":{"rendered":"Hea teada"},"content":{"rendered":"<p>HEA TEADA!<\/p>\n<div>* <span style=\"color: #ff0000;\">Kuna soovime tagada oma puhkajatele rahu ja vaikust, palume \u00f5ues mitte muusikat kuulata ega oma tegevusega muul viisil teisi h\u00e4irida.<\/span><\/div>\n<div>* Et pakkuda teile parimat korraldust, \u00a0on tore, kui teame eelnevalt \u00a0teie t\u00e4psema saabumisaja.\u00a0Samas pole see kohustuslik. Meile on piisav omada\u00a0kindlustunnet, et te saabute.<\/div>\n<div>* L\u00e4him pood ja s\u00f6\u00f6gikoht (<a href=\"http:\/\/www.facebook.com\/novamoisakohvik\/\">M\u00f5isa pood ja kohvik<\/a>) asub 2 km kaugusel, N\u00f5val.<\/div>\n<div>* L\u00e4him supermarket on 50 km kaugusel, Keilas v\u00f5i\u00a0Haapsalus.<\/div>\n<div>* Head kohapeal valmistatud k\u00e4sit\u00f6\u00f6leiba saab osta N\u00f5valt <a href=\"http:\/\/novabreak.ee\/\">infokohvikust<\/a>.<\/div>\n<div><\/div>\n<div>* Oma joogivee kaasatoomine ei ole vajalik eeldusel, et\u00a0joote vett kohalikust puurkaevust.<\/div>\n<div>Kinnitame, et puurkaevu vesi on looduslikult puhas\u00a0ning mingit vee keemilist t\u00f6\u00f6tlust ei toimu.<\/div>\n","protected":false},"excerpt":{"rendered":"<p>HEA TEADA! * Kuna soovime tagada oma puhkajatele rahu ja vaikust, palume \u00f5ues mitte muusikat kuulata ega oma tegevusega muul viisil teisi h\u00e4irida. * Et pakkuda teile parimat korraldust, \u00a0on tore, kui teame eelnevalt \u00a0teie t\u00e4psema saabumisaja.\u00a0Samas pole see kohustuslik. Meile on piisav omada\u00a0kindlustunnet, et te saabute. * L\u00e4him pood ja s\u00f6\u00f6gikoht (M\u00f5isa pood ja [&hellip;]<\/p>\n","protected":false},"author":1,"featured_media":0,"parent":0,"menu_order":0,"comment_status":"closed","ping_status":"closed","template":"","meta":{"ngg_post_thumbnail":0,"footnotes":""},"class_list":["post-52","page","type-page","status-publish","hentry"],"_links":{"self":[{"href":"http:\/\/madise.ee\/index.php?rest_route=\/wp\/v2\/pages\/52"}],"collection":[{"href":"http:\/\/madise.ee\/index.php?rest_route=\/wp\/v2\/pages"}],"about":[{"href":"http:\/\/madise.ee\/index.php?rest_route=\/wp\/v2\/types\/page"}],"author":[{"embeddable":true,"href":"http:\/\/madise.ee\/index.php?rest_route=\/wp\/v2\/users\/1"}],"replies":[{"embeddable":true,"href":"http:\/\/madise.ee\/index.php?rest_route=%2Fwp%2Fv2%2Fcomments&post=52"}],"version-history":[{"count":16,"href":"http:\/\/madise.ee\/index.php?rest_route=\/wp\/v2\/pages\/52\/revisions"}],"predecessor-version":[{"id":636,"href":"http:\/\/madise.ee\/index.php?rest_route=\/wp\/v2\/pages\/52\/revisions\/636"}],"wp:attachment":[{"href":"http:\/\/madise.ee\/index.php?rest_route=%2Fwp%2Fv2%2Fmedia&parent=52"}],"curies":[{"name":"wp","href":"https:\/\/api.w.org\/{rel}","templated":true}]}}