{"id":54,"date":"2015-03-01T12:45:11","date_gmt":"2015-03-01T12:45:11","guid":{"rendered":"http:\/\/madise-ee.sn24.zone.eu\/?page_id=54"},"modified":"2023-05-28T11:54:04","modified_gmt":"2023-05-28T11:54:04","slug":"kampingumaja","status":"publish","type":"page","link":"http:\/\/madise.ee\/?page_id=54","title":{"rendered":"K\u00e4mpingumaja"},"content":{"rendered":"<p>&nbsp;<\/p>\n<div id='gallery-1' class='gallery galleryid-54 gallery-columns-3 gallery-size-medium'><dl class='gallery-item'>\n\t\t\t<dt class='gallery-icon landscape'>\n\t\t\t\t<a href='http:\/\/madise.ee\/?attachment_id=591'><img loading=\"lazy\" decoding=\"async\" width=\"300\" height=\"169\" src=\"http:\/\/madise.ee\/wp-content\/uploads\/2015\/03\/WhatsApp-Image-2020-06-12-at-15.04.29-300x169.jpeg\" class=\"attachment-medium size-medium\" alt=\"\" srcset=\"http:\/\/madise.ee\/wp-content\/uploads\/2015\/03\/WhatsApp-Image-2020-06-12-at-15.04.29-300x169.jpeg 300w, http:\/\/madise.ee\/wp-content\/uploads\/2015\/03\/WhatsApp-Image-2020-06-12-at-15.04.29-1024x576.jpeg 1024w, http:\/\/madise.ee\/wp-content\/uploads\/2015\/03\/WhatsApp-Image-2020-06-12-at-15.04.29.jpeg 1600w\" sizes=\"(max-width: 300px) 100vw, 300px\" \/><\/a>\n\t\t\t<\/dt><\/dl><dl class='gallery-item'>\n\t\t\t<dt class='gallery-icon landscape'>\n\t\t\t\t<a href='http:\/\/madise.ee\/?attachment_id=12'><img loading=\"lazy\" decoding=\"async\" width=\"300\" height=\"225\" src=\"http:\/\/madise.ee\/wp-content\/uploads\/2015\/03\/DSCN1396v__ike-300x225.jpg\" class=\"attachment-medium size-medium\" alt=\"\" srcset=\"http:\/\/madise.ee\/wp-content\/uploads\/2015\/03\/DSCN1396v__ike-300x225.jpg 300w, http:\/\/madise.ee\/wp-content\/uploads\/2015\/03\/DSCN1396v__ike.jpg 500w\" sizes=\"(max-width: 300px) 100vw, 300px\" \/><\/a>\n\t\t\t<\/dt><\/dl><dl class='gallery-item'>\n\t\t\t<dt class='gallery-icon landscape'>\n\t\t\t\t<a href='http:\/\/madise.ee\/?attachment_id=13'><img loading=\"lazy\" decoding=\"async\" width=\"300\" height=\"225\" src=\"http:\/\/madise.ee\/wp-content\/uploads\/2015\/03\/DSCN1383v__ike-300x225.jpg\" class=\"attachment-medium size-medium\" alt=\"\" srcset=\"http:\/\/madise.ee\/wp-content\/uploads\/2015\/03\/DSCN1383v__ike-300x225.jpg 300w, http:\/\/madise.ee\/wp-content\/uploads\/2015\/03\/DSCN1383v__ike.jpg 500w\" sizes=\"(max-width: 300px) 100vw, 300px\" \/><\/a>\n\t\t\t<\/dt><\/dl><br style=\"clear: both\" \/><dl class='gallery-item'>\n\t\t\t<dt class='gallery-icon landscape'>\n\t\t\t\t<a href='http:\/\/madise.ee\/?attachment_id=9'><img loading=\"lazy\" decoding=\"async\" width=\"300\" height=\"225\" src=\"http:\/\/madise.ee\/wp-content\/uploads\/2015\/03\/k__mpingumaja_k____ginurk800-300x225.jpg\" class=\"attachment-medium size-medium\" alt=\"\" srcset=\"http:\/\/madise.ee\/wp-content\/uploads\/2015\/03\/k__mpingumaja_k____ginurk800-300x225.jpg 300w, http:\/\/madise.ee\/wp-content\/uploads\/2015\/03\/k__mpingumaja_k____ginurk800.jpg 500w\" sizes=\"(max-width: 300px) 100vw, 300px\" \/><\/a>\n\t\t\t<\/dt><\/dl><dl class='gallery-item'>\n\t\t\t<dt class='gallery-icon landscape'>\n\t\t\t\t<a href='http:\/\/madise.ee\/?attachment_id=10'><img loading=\"lazy\" decoding=\"async\" width=\"300\" height=\"225\" src=\"http:\/\/madise.ee\/wp-content\/uploads\/2015\/03\/DSCN1115v__ike-300x225.jpg\" class=\"attachment-medium size-medium\" alt=\"\" srcset=\"http:\/\/madise.ee\/wp-content\/uploads\/2015\/03\/DSCN1115v__ike-300x225.jpg 300w, http:\/\/madise.ee\/wp-content\/uploads\/2015\/03\/DSCN1115v__ike.jpg 500w\" sizes=\"(max-width: 300px) 100vw, 300px\" \/><\/a>\n\t\t\t<\/dt><\/dl><dl class='gallery-item'>\n\t\t\t<dt class='gallery-icon landscape'>\n\t\t\t\t<a href='http:\/\/madise.ee\/?attachment_id=8'><img loading=\"lazy\" decoding=\"async\" width=\"300\" height=\"225\" src=\"http:\/\/madise.ee\/wp-content\/uploads\/2015\/03\/DSCN1105v__ike-300x225.jpg\" class=\"attachment-medium size-medium\" alt=\"\" srcset=\"http:\/\/madise.ee\/wp-content\/uploads\/2015\/03\/DSCN1105v__ike-300x225.jpg 300w, http:\/\/madise.ee\/wp-content\/uploads\/2015\/03\/DSCN1105v__ike.jpg 500w\" sizes=\"(max-width: 300px) 100vw, 300px\" \/><\/a>\n\t\t\t<\/dt><\/dl><br style=\"clear: both\" \/><dl class='gallery-item'>\n\t\t\t<dt class='gallery-icon landscape'>\n\t\t\t\t<a href='http:\/\/madise.ee\/?attachment_id=567'><img loading=\"lazy\" decoding=\"async\" width=\"300\" height=\"225\" src=\"http:\/\/madise.ee\/wp-content\/uploads\/2015\/03\/IMG_5258-300x225.jpeg\" class=\"attachment-medium size-medium\" alt=\"\" srcset=\"http:\/\/madise.ee\/wp-content\/uploads\/2015\/03\/IMG_5258-300x225.jpeg 300w, http:\/\/madise.ee\/wp-content\/uploads\/2015\/03\/IMG_5258-1024x768.jpeg 1024w\" sizes=\"(max-width: 300px) 100vw, 300px\" \/><\/a>\n\t\t\t<\/dt><\/dl><dl class='gallery-item'>\n\t\t\t<dt class='gallery-icon landscape'>\n\t\t\t\t<a href='http:\/\/madise.ee\/?attachment_id=566'><img loading=\"lazy\" decoding=\"async\" width=\"300\" height=\"225\" src=\"http:\/\/madise.ee\/wp-content\/uploads\/2015\/03\/IMG_5256-300x225.jpeg\" class=\"attachment-medium size-medium\" alt=\"\" srcset=\"http:\/\/madise.ee\/wp-content\/uploads\/2015\/03\/IMG_5256-300x225.jpeg 300w, http:\/\/madise.ee\/wp-content\/uploads\/2015\/03\/IMG_5256-1024x768.jpeg 1024w\" sizes=\"(max-width: 300px) 100vw, 300px\" \/><\/a>\n\t\t\t<\/dt><\/dl><dl class='gallery-item'>\n\t\t\t<dt class='gallery-icon landscape'>\n\t\t\t\t<a href='http:\/\/madise.ee\/?attachment_id=565'><img loading=\"lazy\" decoding=\"async\" width=\"300\" height=\"225\" src=\"http:\/\/madise.ee\/wp-content\/uploads\/2015\/03\/IMG_5253-300x225.jpeg\" class=\"attachment-medium size-medium\" alt=\"\" srcset=\"http:\/\/madise.ee\/wp-content\/uploads\/2015\/03\/IMG_5253-300x225.jpeg 300w, http:\/\/madise.ee\/wp-content\/uploads\/2015\/03\/IMG_5253-1024x768.jpeg 1024w\" sizes=\"(max-width: 300px) 100vw, 300px\" \/><\/a>\n\t\t\t<\/dt><\/dl><br style=\"clear: both\" \/>\n\t\t<\/div>\n\n<p><a href=\"http:\/\/madise-ee.sn24.zone.eu\/wp-content\/uploads\/2015\/03\/k__mpingumaja_k____ginurk800.jpg\">\u00a0<\/a><\/p>\n<p>K\u00e4mpingumajas on 4 voodikohta (lisavoodi v\u00f5imalus puudub), k\u00f6\u00f6ginurk ning wc\/du\u0161iruum. Maja ees on terrass, kus on laud ja toolid 4-le inimesele. Maja k\u00f5rval asub grillimiskoht ning maja juurest viib t\u00e4histatud matkarada mereni ca 1 km.<\/p>\n","protected":false},"excerpt":{"rendered":"<p>&nbsp; \u00a0 K\u00e4mpingumajas on 4 voodikohta (lisavoodi v\u00f5imalus puudub), k\u00f6\u00f6ginurk ning wc\/du\u0161iruum. Maja ees on terrass, kus on laud ja toolid 4-le inimesele. Maja k\u00f5rval asub grillimiskoht ning maja juurest viib t\u00e4histatud matkarada mereni ca 1 km.<\/p>\n","protected":false},"author":1,"featured_media":0,"parent":0,"menu_order":0,"comment_status":"closed","ping_status":"closed","template":"","meta":{"ngg_post_thumbnail":0,"footnotes":""},"class_list":["post-54","page","type-page","status-publish","hentry"],"_links":{"self":[{"href":"http:\/\/madise.ee\/index.php?rest_route=\/wp\/v2\/pages\/54"}],"collection":[{"href":"http:\/\/madise.ee\/index.php?rest_route=\/wp\/v2\/pages"}],"about":[{"href":"http:\/\/madise.ee\/index.php?rest_route=\/wp\/v2\/types\/page"}],"author":[{"embeddable":true,"href":"http:\/\/madise.ee\/index.php?rest_route=\/wp\/v2\/users\/1"}],"replies":[{"embeddable":true,"href":"http:\/\/madise.ee\/index.php?rest_route=%2Fwp%2Fv2%2Fcomments&post=54"}],"version-history":[{"count":8,"href":"http:\/\/madise.ee\/index.php?rest_route=\/wp\/v2\/pages\/54\/revisions"}],"predecessor-version":[{"id":593,"href":"http:\/\/madise.ee\/index.php?rest_route=\/wp\/v2\/pages\/54\/revisions\/593"}],"wp:attachment":[{"href":"http:\/\/madise.ee\/index.php?rest_route=%2Fwp%2Fv2%2Fmedia&parent=54"}],"curies":[{"name":"wp","href":"https:\/\/api.w.org\/{rel}","templated":true}]}}